{"id":40,"date":"2021-05-04T20:48:16","date_gmt":"2021-05-04T20:48:16","guid":{"rendered":"http:\/\/pdemocraticoneuquen.com\/?page_id=40"},"modified":"2021-05-31T22:03:38","modified_gmt":"2021-05-31T22:03:38","slug":"comites","status":"publish","type":"page","link":"https:\/\/pdemocraticoneuquen.com\/index.php\/comites\/","title":{"rendered":"ComiTes"},"content":{"rendered":"\n<p class=\"has-text-align-left\"><br>Istituiti nel 1985, i Comites sono organismi rappresentativi della collettivit\u00e0 italiana, eletti direttamente dai connazionali residenti all&#8217;estero in ciascuna circoscrizione consolare ove risiedono almeno tremila connazionali iscritti nell\u2019elenco aggiornato di cui all\u2019art. 5, comma 1, della Legge 459\/2001. In circoscrizioni ove risiedono meno di tremila cittadini italiani i Comitati possono essere nominati dall&#8217;Autorit\u00e0 diplomatico-consolare. Ai sensi dell&#8217;art. 1, co. 2 della legge 286\/2003, i Comites sono organi di rappresentanza degli italiani all&#8217;estero nei rapporti con le rappresentanze diplomatico-consolari.<br>Di quante persone e\u2019 formato il ComiTes<br>I Comites sono composti da 12 membri o da 18 membri, a seconda che vengano eletti in Circoscrizioni consolari con un numero inferiore o superiore a 100 mila connazionali residenti, quali essi risultano dall&#8217;elenco aggiornato dei cittadini italiani residenti all\u2019estero.<br>Oltre ai membri eletti di cittadinanza italiana, possono far parte del Comitato, per cooptazione, cittadini stranieri di origine italiana in misura non eccedente un terzo dei componenti il Comitato eletto (4 o 6 componenti).<br>A che cosa servono i ComiTes<br>Anche attraverso studi e ricerche, essi contribuiscono ad individuare le esigenze di sviluppo sociale, culturale e civile della comunit\u00e0 di riferimento; promuovono, in collaborazione con l&#8217;autorit\u00e0 consolare, con le regioni e con le autonomie locali, nonch\u00e9 con enti, associazioni e comitati&nbsp;&nbsp; operanti nell&#8217;ambito della circoscrizione consolare, opportune iniziative nelle materie attinenti alla&nbsp; vita sociale e culturale, con particolare riguardo alla partecipazione dei giovani, alle pari&nbsp;&nbsp; opportunit\u00e0, all&#8217;assistenza sociale e scolastica, alla formazione professionale, al settore ricreativo, allo sport e al tempo libero. I Comitati sono altres\u00ec chiamati a cooperare con l&#8217;Autorit\u00e0 consolare nella tutela dei diritti e degli interessi dei cittadini italiani residenti nella circoscrizione consolare.<br>Sedi ComiTes \u2013 Argentina<br>Bahia Blanca<br>Buenos Aires<br>Cordoba<br>La Plata<br>Lomas de Zamora<br>Mar del Plata<br>Mendoza<br>Moron<br>Rosario<\/p>\n","protected":false},"excerpt":{"rendered":"<p>Istituiti nel 1985, i Comites sono organismi rappresentativi della collettivit\u00e0 italiana, eletti direttamente dai connazionali residenti all&#8217;estero in ciascuna circoscrizione consolare ove risiedono almeno tremila connazionali iscritti nell\u2019elenco aggiornato di cui all\u2019art. 5, comma 1, della Legge 459\/2001. In circoscrizioni ove risiedono meno di tremila cittadini italiani i Comitati possono essere nominati dall&#8217;Autorit\u00e0 diplomatico-consolare. Ai &hellip;<\/p>\n","protected":false},"author":1,"featured_media":64,"parent":0,"menu_order":0,"comment_status":"closed","ping_status":"closed","template":"","meta":{"footnotes":""},"class_list":["post-40","page","type-page","status-publish","has-post-thumbnail","hentry"],"aioseo_notices":[],"_links":{"self":[{"href":"https:\/\/pdemocraticoneuquen.com\/index.php\/wp-json\/wp\/v2\/pages\/40","targetHints":{"allow":["GET"]}}],"collection":[{"href":"https:\/\/pdemocraticoneuquen.com\/index.php\/wp-json\/wp\/v2\/pages"}],"about":[{"href":"https:\/\/pdemocraticoneuquen.com\/index.php\/wp-json\/wp\/v2\/types\/page"}],"author":[{"embeddable":true,"href":"https:\/\/pdemocraticoneuquen.com\/index.php\/wp-json\/wp\/v2\/users\/1"}],"replies":[{"embeddable":true,"href":"https:\/\/pdemocraticoneuquen.com\/index.php\/wp-json\/wp\/v2\/comments?post=40"}],"version-history":[{"count":4,"href":"https:\/\/pdemocraticoneuquen.com\/index.php\/wp-json\/wp\/v2\/pages\/40\/revisions"}],"predecessor-version":[{"id":95,"href":"https:\/\/pdemocraticoneuquen.com\/index.php\/wp-json\/wp\/v2\/pages\/40\/revisions\/95"}],"wp:featuredmedia":[{"embeddable":true,"href":"https:\/\/pdemocraticoneuquen.com\/index.php\/wp-json\/wp\/v2\/media\/64"}],"wp:attachment":[{"href":"https:\/\/pdemocraticoneuquen.com\/index.php\/wp-json\/wp\/v2\/media?parent=40"}],"curies":[{"name":"wp","href":"https:\/\/api.w.org\/{rel}","templated":true}]}}