{"id":37,"date":"2021-05-04T20:46:06","date_gmt":"2021-05-04T20:46:06","guid":{"rendered":"http:\/\/pdemocraticoneuquen.com\/?page_id=37"},"modified":"2022-06-30T15:35:19","modified_gmt":"2022-06-30T15:35:19","slug":"i-principi-pd-circolo-neuquen","status":"publish","type":"page","link":"https:\/\/pdemocraticoneuquen.com\/","title":{"rendered":"I principi PD Circolo Neuquen"},"content":{"rendered":"\n<p><br \/>Lavora affinch\u00e9 ogni italiano e discendente dell&#8217;italiano nella nostra area di influenza veda e senta nel nostro partito un luogo dove si difendono i principi democratici di tutti i cittadini e discendenti che abitano nella regione. Per essere un riferimento morale ed etico, un luogo di fiducia dei cittadini, qui la Costituzione \u00e8 un principio e le persone e il loro benessere un credo, lavoraremo insieme con le autorit\u00e0 del nostro partito per portare al COM.IT.ES nella nostra mente migliore un rinnovamento nuovo che profuma di aria pulita, questo principio non \u00e8 negoziabile!!! La conoscenza e la tecnologia al servizio del nostro popolo. Velocit\u00e0 per soddisfare le vostre esigenze e la gestione secondo il nostro obiettivo, la patria \u00e8 dove c&#8217;\u00e8 un italiano che ci risiede e ci chiede. Abbiamo molto da fare, la nostra regione, la mostra Patagonia \u00e8 piena di discendenti e cittadini italiani che dobbiamo avvicinare al nostro partito, che vede in noi un pezzo della loro patria.<br \/>Presidente\u00a0<\/p>\n","protected":false},"excerpt":{"rendered":"<p>Lavora affinch\u00e9 ogni italiano e discendente dell&#8217;italiano nella nostra area di influenza veda e senta nel nostro partito un luogo dove si difendono i principi democratici di tutti i cittadini e discendenti che abitano nella regione. Per essere un riferimento morale ed etico, un luogo di fiducia dei cittadini, qui la Costituzione \u00e8 un principio &hellip;<\/p>\n","protected":false},"author":1,"featured_media":61,"parent":0,"menu_order":0,"comment_status":"closed","ping_status":"closed","template":"","meta":{"footnotes":""},"class_list":["post-37","page","type-page","status-publish","has-post-thumbnail","hentry"],"aioseo_notices":[],"_links":{"self":[{"href":"https:\/\/pdemocraticoneuquen.com\/index.php\/wp-json\/wp\/v2\/pages\/37","targetHints":{"allow":["GET"]}}],"collection":[{"href":"https:\/\/pdemocraticoneuquen.com\/index.php\/wp-json\/wp\/v2\/pages"}],"about":[{"href":"https:\/\/pdemocraticoneuquen.com\/index.php\/wp-json\/wp\/v2\/types\/page"}],"author":[{"embeddable":true,"href":"https:\/\/pdemocraticoneuquen.com\/index.php\/wp-json\/wp\/v2\/users\/1"}],"replies":[{"embeddable":true,"href":"https:\/\/pdemocraticoneuquen.com\/index.php\/wp-json\/wp\/v2\/comments?post=37"}],"version-history":[{"count":4,"href":"https:\/\/pdemocraticoneuquen.com\/index.php\/wp-json\/wp\/v2\/pages\/37\/revisions"}],"predecessor-version":[{"id":219,"href":"https:\/\/pdemocraticoneuquen.com\/index.php\/wp-json\/wp\/v2\/pages\/37\/revisions\/219"}],"wp:featuredmedia":[{"embeddable":true,"href":"https:\/\/pdemocraticoneuquen.com\/index.php\/wp-json\/wp\/v2\/media\/61"}],"wp:attachment":[{"href":"https:\/\/pdemocraticoneuquen.com\/index.php\/wp-json\/wp\/v2\/media?parent=37"}],"curies":[{"name":"wp","href":"https:\/\/api.w.org\/{rel}","templated":true}]}}